{"id":801,"date":"2026-03-12T16:09:37","date_gmt":"2026-03-12T07:09:37","guid":{"rendered":"https:\/\/www.ja-shinshinotsu.or.jp\/rice-site\/?page_id=801"},"modified":"2026-03-12T16:17:09","modified_gmt":"2026-03-12T07:17:09","slug":"pesticide-safety_fr","status":"publish","type":"page","link":"https:\/\/www.ja-shinshinotsu.or.jp\/rice-site\/fr\/pesticide-safety_fr\/","title":{"rendered":"Informations sur la s\u00e9curit\u00e9"},"content":{"rendered":"<style>.kb-row-layout-wrap.wp-block-kadence-rowlayout.kb-row-layout-id801_e0086d-63{margin-top:0px;margin-bottom:0px;}.kb-row-layout-id801_e0086d-63 > .kt-row-column-wrap{align-content:start;}:where(.kb-row-layout-id801_e0086d-63 > .kt-row-column-wrap) > .wp-block-kadence-column{justify-content:start;}.kb-row-layout-id801_e0086d-63 > .kt-row-column-wrap{column-gap:var(--global-kb-gap-md, 2rem);row-gap:var(--global-kb-gap-md, 2rem);max-width:960px;margin-left:auto;margin-right:auto;padding-top:var(--global-kb-spacing-xxl, 5rem);padding-bottom:var(--global-kb-spacing-3xl, 6.5rem);grid-template-columns:minmax(0, 1fr);}.kb-row-layout-id801_e0086d-63{background-image:url('https:\/\/www.ja-shinshinotsu.or.jp\/rice-site\/manager\/wp-content\/uploads\/2026\/03\/20260302_20260302_bg_mainarea.webp');background-size:cover;background-position:center center;background-attachment:fixed;background-repeat:no-repeat;}.kb-row-layout-id801_e0086d-63 > .kt-row-layout-overlay{opacity:0.48;background-color:#000;}@media all and (max-width: 1024px), only screen and (min-device-width: 1024px) and (max-device-width: 1366px) and (-webkit-min-device-pixel-ratio: 2) and (hover: none){.kb-row-layout-id801_e0086d-63{background-attachment:scroll;}}@media all and (max-width: 1024px){.kb-row-layout-id801_e0086d-63 > .kt-row-column-wrap{grid-template-columns:minmax(0, 1fr);}}@media all and (max-width: 767px){.kb-row-layout-id801_e0086d-63 > .kt-row-column-wrap{grid-template-columns:minmax(0, 1fr);}}<\/style><div class=\"kb-row-layout-wrap kb-row-layout-id801_e0086d-63 alignfull kt-row-has-bg kt-jarallax wp-block-kadence-rowlayout\" data-img-position=\"center center\" data-img-size=\"cover\"><div class=\"kt-row-layout-overlay kt-row-overlay-normal\"><\/div><div class=\"kt-row-column-wrap kt-has-1-columns kt-row-layout-equal kt-tab-layout-inherit kt-mobile-layout-row kt-row-valign-top\">\n<style>.kadence-column801_1b5dde-42 > .kt-inside-inner-col,.kadence-column801_1b5dde-42 > .kt-inside-inner-col:before{border-top-left-radius:0px;border-top-right-radius:0px;border-bottom-right-radius:0px;border-bottom-left-radius:0px;}.kadence-column801_1b5dde-42 > .kt-inside-inner-col{column-gap:var(--global-kb-gap-sm, 1rem);}.kadence-column801_1b5dde-42 > .kt-inside-inner-col{flex-direction:column;}.kadence-column801_1b5dde-42 > .kt-inside-inner-col > .aligncenter{width:100%;}.kadence-column801_1b5dde-42 > .kt-inside-inner-col:before{opacity:0.3;}.kadence-column801_1b5dde-42{position:relative;}@media all and (max-width: 1024px){.kadence-column801_1b5dde-42 > .kt-inside-inner-col{flex-direction:column;justify-content:center;}}@media all and (max-width: 767px){.kadence-column801_1b5dde-42 > .kt-inside-inner-col{flex-direction:column;justify-content:center;}}<\/style>\n<div class=\"wp-block-kadence-column kadence-column801_1b5dde-42\"><div class=\"kt-inside-inner-col\"><style>.wp-block-kadence-advancedheading.kt-adv-heading801_bcace8-4f, .wp-block-kadence-advancedheading.kt-adv-heading801_bcace8-4f[data-kb-block=\"kb-adv-heading801_bcace8-4f\"]{text-align:center;line-height:1.2em;font-style:normal;}.wp-block-kadence-advancedheading.kt-adv-heading801_bcace8-4f mark.kt-highlight, .wp-block-kadence-advancedheading.kt-adv-heading801_bcace8-4f[data-kb-block=\"kb-adv-heading801_bcace8-4f\"] mark.kt-highlight{font-style:normal;color:#f76a0c;-webkit-box-decoration-break:clone;box-decoration-break:clone;padding-top:0px;padding-right:0px;padding-bottom:0px;padding-left:0px;}.wp-block-kadence-advancedheading.kt-adv-heading801_bcace8-4f img.kb-inline-image, .wp-block-kadence-advancedheading.kt-adv-heading801_bcace8-4f[data-kb-block=\"kb-adv-heading801_bcace8-4f\"] img.kb-inline-image{width:150px;vertical-align:baseline;}<\/style>\n<h1 class=\"kt-adv-heading801_bcace8-4f is-style-section_ttl c-section-title wp-block-kadence-advancedheading has-white-color has-text-color\" data-kb-block=\"kb-adv-heading801_bcace8-4f\"><span class=\"swl-format-1\">Informations sur la s\u00e9curit\u00e9<\/span><br><span class=\"swl-format-1\"><span style=\"font-size:20px\" class=\"swl-fz\">Initiatives pour une utilisation r\u00e9duite de pesticides et informations sur les tests de r\u00e9sidus<\/span><\/span><\/h1>\n\n\n<style>.wp-block-kadence-advancedheading.kt-adv-heading801_774dfb-d6, .wp-block-kadence-advancedheading.kt-adv-heading801_774dfb-d6[data-kb-block=\"kb-adv-heading801_774dfb-d6\"]{margin-bottom:var(--global-kb-spacing-md, 2rem);font-style:normal;}.wp-block-kadence-advancedheading.kt-adv-heading801_774dfb-d6 mark.kt-highlight, .wp-block-kadence-advancedheading.kt-adv-heading801_774dfb-d6[data-kb-block=\"kb-adv-heading801_774dfb-d6\"] mark.kt-highlight{font-style:normal;color:#f76a0c;-webkit-box-decoration-break:clone;box-decoration-break:clone;padding-top:0px;padding-right:0px;padding-bottom:0px;padding-left:0px;}.wp-block-kadence-advancedheading.kt-adv-heading801_774dfb-d6 img.kb-inline-image, .wp-block-kadence-advancedheading.kt-adv-heading801_774dfb-d6[data-kb-block=\"kb-adv-heading801_774dfb-d6\"] img.kb-inline-image{width:150px;vertical-align:baseline;}<\/style>\n<p class=\"kt-adv-heading801_774dfb-d6 wp-block-kadence-advancedheading has-white-color has-text-color\" data-kb-block=\"kb-adv-heading801_774dfb-d6\">Nous effectuons r\u00e9guli\u00e8rement des tests de r\u00e9sidus de pesticides pour confirmer que les normes de s\u00e9curit\u00e9 sont respect\u00e9es.<\/p>\n\n\n<style>.wp-block-kadence-advancedheading.kt-adv-heading801_3fa6a7-2a, .wp-block-kadence-advancedheading.kt-adv-heading801_3fa6a7-2a[data-kb-block=\"kb-adv-heading801_3fa6a7-2a\"]{font-style:normal;}.wp-block-kadence-advancedheading.kt-adv-heading801_3fa6a7-2a mark.kt-highlight, .wp-block-kadence-advancedheading.kt-adv-heading801_3fa6a7-2a[data-kb-block=\"kb-adv-heading801_3fa6a7-2a\"] mark.kt-highlight{font-style:normal;color:#f76a0c;-webkit-box-decoration-break:clone;box-decoration-break:clone;padding-top:0px;padding-right:0px;padding-bottom:0px;padding-left:0px;}.wp-block-kadence-advancedheading.kt-adv-heading801_3fa6a7-2a img.kb-inline-image, .wp-block-kadence-advancedheading.kt-adv-heading801_3fa6a7-2a[data-kb-block=\"kb-adv-heading801_3fa6a7-2a\"] img.kb-inline-image{width:150px;vertical-align:baseline;}<\/style>\n<h4 class=\"kt-adv-heading801_3fa6a7-2a u-mb-ctrl u-mb-10 wp-block-kadence-advancedheading has-white-color has-text-color\" data-kb-block=\"kb-adv-heading801_3fa6a7-2a\">D\u00e9tails de l&#8217;analyse<\/h4>\n\n\n<style>.kadence-column801_40deb8-21 > .kt-inside-inner-col{padding-top:var(--global-kb-spacing-sm, 1.5rem);padding-right:var(--global-kb-spacing-sm, 1.5rem);padding-bottom:var(--global-kb-spacing-sm, 1.5rem);padding-left:var(--global-kb-spacing-sm, 1.5rem);}.kadence-column801_40deb8-21 > .kt-inside-inner-col,.kadence-column801_40deb8-21 > .kt-inside-inner-col:before{border-top-left-radius:0px;border-top-right-radius:0px;border-bottom-right-radius:0px;border-bottom-left-radius:0px;}.kadence-column801_40deb8-21 > .kt-inside-inner-col{column-gap:var(--global-kb-gap-sm, 1rem);}.kadence-column801_40deb8-21 > .kt-inside-inner-col{flex-direction:column;}.kadence-column801_40deb8-21 > .kt-inside-inner-col > .aligncenter{width:100%;}.kadence-column801_40deb8-21 > .kt-inside-inner-col{background-color:#fff;}.kadence-column801_40deb8-21 > .kt-inside-inner-col:before{opacity:0.3;}.kadence-column801_40deb8-21{position:relative;}.kadence-column801_40deb8-21, .kt-inside-inner-col > .kadence-column801_40deb8-21:not(.specificity){margin-bottom:var(--global-kb-spacing-xl, 4rem);}@media all and (max-width: 1024px){.kadence-column801_40deb8-21 > .kt-inside-inner-col{flex-direction:column;justify-content:center;}}@media all and (max-width: 767px){.kadence-column801_40deb8-21 > .kt-inside-inner-col{flex-direction:column;justify-content:center;}}<\/style>\n<div class=\"wp-block-kadence-column kadence-column801_40deb8-21\"><div class=\"kt-inside-inner-col\"><style>.wp-block-kadence-advancedheading.kt-adv-heading801_959e10-19, .wp-block-kadence-advancedheading.kt-adv-heading801_959e10-19[data-kb-block=\"kb-adv-heading801_959e10-19\"]{margin-bottom:var(--global-kb-spacing-xs, 1rem);font-style:normal;}.wp-block-kadence-advancedheading.kt-adv-heading801_959e10-19 mark.kt-highlight, .wp-block-kadence-advancedheading.kt-adv-heading801_959e10-19[data-kb-block=\"kb-adv-heading801_959e10-19\"] mark.kt-highlight{font-style:normal;color:#f76a0c;-webkit-box-decoration-break:clone;box-decoration-break:clone;padding-top:0px;padding-right:0px;padding-bottom:0px;padding-left:0px;}.wp-block-kadence-advancedheading.kt-adv-heading801_959e10-19 img.kb-inline-image, .wp-block-kadence-advancedheading.kt-adv-heading801_959e10-19[data-kb-block=\"kb-adv-heading801_959e10-19\"] img.kb-inline-image{width:150px;vertical-align:baseline;}<\/style>\n<p class=\"kt-adv-heading801_959e10-19 wp-block-kadence-advancedheading\" data-kb-block=\"kb-adv-heading801_959e10-19\">Analyse des r\u00e9sidus de pesticides pour l&#8217;exportation de riz vers l&#8217;UE<\/p>\n\n\n<style>.wp-block-kadence-advancedheading.kt-adv-heading801_f898be-c2, .wp-block-kadence-advancedheading.kt-adv-heading801_f898be-c2[data-kb-block=\"kb-adv-heading801_f898be-c2\"]{margin-bottom:var(--global-kb-spacing-xs, 1rem);font-style:normal;}.wp-block-kadence-advancedheading.kt-adv-heading801_f898be-c2 mark.kt-highlight, .wp-block-kadence-advancedheading.kt-adv-heading801_f898be-c2[data-kb-block=\"kb-adv-heading801_f898be-c2\"] mark.kt-highlight{font-style:normal;color:#f76a0c;-webkit-box-decoration-break:clone;box-decoration-break:clone;padding-top:0px;padding-right:0px;padding-bottom:0px;padding-left:0px;}.wp-block-kadence-advancedheading.kt-adv-heading801_f898be-c2 img.kb-inline-image, .wp-block-kadence-advancedheading.kt-adv-heading801_f898be-c2[data-kb-block=\"kb-adv-heading801_f898be-c2\"] img.kb-inline-image{width:150px;vertical-align:baseline;}<\/style>\n<p class=\"kt-adv-heading801_f898be-c2 wp-block-kadence-advancedheading has-swl-deep-01-color has-text-color\" data-kb-block=\"kb-adv-heading801_f898be-c2\">L&#8217;exportation de produits agricoles vers l&#8217;UE n\u00e9cessite le respect des Limites Maximales de R\u00e9sidus (LMR CE) actuellement fix\u00e9es par l&#8217;Union europ\u00e9enne. Par cons\u00e9quent, nous effectuons des analyses pour v\u00e9rifier si les produits agricoles destin\u00e9s \u00e0 l&#8217;exportation sont conformes aux normes LMR CE.<\/p>\n\n\n<style>.wp-block-kadence-advancedheading.kt-adv-heading801_a79b61-03, .wp-block-kadence-advancedheading.kt-adv-heading801_a79b61-03[data-kb-block=\"kb-adv-heading801_a79b61-03\"]{font-style:normal;}.wp-block-kadence-advancedheading.kt-adv-heading801_a79b61-03 mark.kt-highlight, .wp-block-kadence-advancedheading.kt-adv-heading801_a79b61-03[data-kb-block=\"kb-adv-heading801_a79b61-03\"] mark.kt-highlight{font-style:normal;color:#f76a0c;-webkit-box-decoration-break:clone;box-decoration-break:clone;padding-top:0px;padding-right:0px;padding-bottom:0px;padding-left:0px;}.wp-block-kadence-advancedheading.kt-adv-heading801_a79b61-03 img.kb-inline-image, .wp-block-kadence-advancedheading.kt-adv-heading801_a79b61-03[data-kb-block=\"kb-adv-heading801_a79b61-03\"] img.kb-inline-image{width:150px;vertical-align:baseline;}<\/style>\n<p class=\"kt-adv-heading801_a79b61-03 wp-block-kadence-advancedheading\" data-kb-block=\"kb-adv-heading801_a79b61-03\">LMR CE : Limites Maximales de R\u00e9sidus fix\u00e9es par la Commission europ\u00e9enne (Unit\u00e9 : mg\/kg)<br>R\u00e9f\u00e9rence : <a href=\"https:\/\/ec.europa.eu\/food\/plant\/pesticides\/eu-pesticides-database\/start\/screen\/products\/details\/237\" data-type=\"link\" data-id=\"https:\/\/ec.europa.eu\/food\/plant\/pesticides\/eu-pesticides-database\/start\/screen\/products\/details\/237\" target=\"_blank\" rel=\"noreferrer noopener\">EU Pesticides Database<\/a><\/p>\n<\/div><\/div>\n\n\n<style>.kb-row-layout-id801_5831df-d9 > .kt-row-column-wrap{align-content:start;}:where(.kb-row-layout-id801_5831df-d9 > .kt-row-column-wrap) > .wp-block-kadence-column{justify-content:start;}.kb-row-layout-id801_5831df-d9 > .kt-row-column-wrap{column-gap:var(--global-kb-gap-md, 2rem);row-gap:var(--global-kb-gap-md, 2rem);max-width:800px;margin-left:auto;margin-right:auto;padding-top:var(--global-kb-spacing-sm, 1.5rem);padding-bottom:var(--global-kb-spacing-sm, 1.5rem);grid-template-columns:minmax(0, 1fr);}.kb-row-layout-id801_5831df-d9 > .kt-row-layout-overlay{opacity:0.30;}@media all and (max-width: 1024px){.kb-row-layout-id801_5831df-d9 > .kt-row-column-wrap{grid-template-columns:minmax(0, 1fr);}}@media all and (max-width: 767px){.kb-row-layout-id801_5831df-d9 > .kt-row-column-wrap{grid-template-columns:minmax(0, 1fr);}}<\/style><div class=\"kb-row-layout-wrap kb-row-layout-id801_5831df-d9 alignnone wp-block-kadence-rowlayout\"><div class=\"kt-row-column-wrap kt-has-1-columns kt-row-layout-equal kt-tab-layout-inherit kt-mobile-layout-row kt-row-valign-top\">\n<style>.kadence-column801_e1040f-06 > .kt-inside-inner-col,.kadence-column801_e1040f-06 > .kt-inside-inner-col:before{border-top-left-radius:0px;border-top-right-radius:0px;border-bottom-right-radius:0px;border-bottom-left-radius:0px;}.kadence-column801_e1040f-06 > .kt-inside-inner-col{column-gap:var(--global-kb-gap-sm, 1rem);}.kadence-column801_e1040f-06 > .kt-inside-inner-col{flex-direction:column;}.kadence-column801_e1040f-06 > .kt-inside-inner-col > .aligncenter{width:100%;}.kadence-column801_e1040f-06 > .kt-inside-inner-col:before{opacity:0.3;}.kadence-column801_e1040f-06{position:relative;}@media all and (max-width: 1024px){.kadence-column801_e1040f-06 > .kt-inside-inner-col{flex-direction:column;justify-content:center;}}@media all and (max-width: 767px){.kadence-column801_e1040f-06 > .kt-inside-inner-col{flex-direction:column;justify-content:center;}}<\/style>\n<div class=\"wp-block-kadence-column kadence-column801_e1040f-06\"><div class=\"kt-inside-inner-col\">\n<figure class=\"wp-block-image size-full u-lb-on\"><img decoding=\"async\" width=\"683\" height=\"264\" src=\"https:\/\/www.ja-shinshinotsu.or.jp\/rice-site\/manager\/wp-content\/uploads\/2026\/03\/analytical_report.png\" alt=\"\" class=\"wp-image-645\" srcset=\"https:\/\/www.ja-shinshinotsu.or.jp\/rice-site\/manager\/wp-content\/uploads\/2026\/03\/analytical_report.png 683w, https:\/\/www.ja-shinshinotsu.or.jp\/rice-site\/manager\/wp-content\/uploads\/2026\/03\/analytical_report-300x116.png 300w\" sizes=\"(max-width: 683px) 100vw, 683px\" \/><\/figure>\n<\/div><\/div>\n\n<\/div><\/div><\/div><\/div>\n\n<\/div><\/div>","protected":false},"excerpt":{"rendered":"<p>Informations sur la s\u00e9curit\u00e9Initiatives pour une utilisation r\u00e9duite de pesticides et informations sur les tes [&hellip;]<\/p>\n","protected":false},"author":1,"featured_media":0,"parent":0,"menu_order":320,"comment_status":"closed","ping_status":"closed","template":"template-gaba.php","meta":{"swell_btn_cv_data":"","footnotes":""},"class_list":["post-801","page","type-page","status-publish","hentry"],"_links":{"self":[{"href":"https:\/\/www.ja-shinshinotsu.or.jp\/rice-site\/wp-json\/wp\/v2\/pages\/801","targetHints":{"allow":["GET"]}}],"collection":[{"href":"https:\/\/www.ja-shinshinotsu.or.jp\/rice-site\/wp-json\/wp\/v2\/pages"}],"about":[{"href":"https:\/\/www.ja-shinshinotsu.or.jp\/rice-site\/wp-json\/wp\/v2\/types\/page"}],"author":[{"embeddable":true,"href":"https:\/\/www.ja-shinshinotsu.or.jp\/rice-site\/wp-json\/wp\/v2\/users\/1"}],"replies":[{"embeddable":true,"href":"https:\/\/www.ja-shinshinotsu.or.jp\/rice-site\/wp-json\/wp\/v2\/comments?post=801"}],"version-history":[{"count":0,"href":"https:\/\/www.ja-shinshinotsu.or.jp\/rice-site\/wp-json\/wp\/v2\/pages\/801\/revisions"}],"wp:attachment":[{"href":"https:\/\/www.ja-shinshinotsu.or.jp\/rice-site\/wp-json\/wp\/v2\/media?parent=801"}],"curies":[{"name":"wp","href":"https:\/\/api.w.org\/{rel}","templated":true}]}}